{"id":16,"date":"2024-06-10T11:51:43","date_gmt":"2024-06-10T14:51:43","guid":{"rendered":"https:\/\/www.biogatesplanet.cl\/?page_id=16"},"modified":"2025-01-25T21:56:00","modified_gmt":"2025-01-26T00:56:00","slug":"resultado-de-cosechas","status":"publish","type":"page","link":"https:\/\/www.biogatesplanet.cl\/index.php\/resultado-de-cosechas\/","title":{"rendered":"Resultado de Cosechas"},"content":{"rendered":"\t\t<div data-elementor-type=\"wp-page\" data-elementor-id=\"16\" class=\"elementor elementor-16\">\n\t\t\t\t<div class=\"elementor-element elementor-element-63804cd e-flex e-con-boxed e-con e-parent\" data-id=\"63804cd\" data-element_type=\"container\">\n\t\t\t\t\t<div class=\"e-con-inner\">\n\t\t<div class=\"elementor-element elementor-element-6ccbf07 e-grid e-con-boxed e-con e-child\" data-id=\"6ccbf07\" data-element_type=\"container\">\n\t\t\t\t\t<div class=\"e-con-inner\">\n\t\t\t\t<div class=\"elementor-element elementor-element-c594033 elementor-widget elementor-widget-image\" data-id=\"c594033\" data-element_type=\"widget\" data-widget_type=\"image.default\">\n\t\t\t\t<div class=\"elementor-widget-container\">\n\t\t\t\t\t\t\t\t\t\t\t\t\t\t\t<img fetchpriority=\"high\" decoding=\"async\" width=\"525\" height=\"525\" src=\"https:\/\/www.biogatesplanet.cl\/wp-content\/uploads\/2024\/06\/WhatsApp-Image-2024-06-10-at-10.22.16-AM-1.jpeg\" class=\"attachment-large size-large wp-image-172\" alt=\"\" srcset=\"https:\/\/www.biogatesplanet.cl\/wp-content\/uploads\/2024\/06\/WhatsApp-Image-2024-06-10-at-10.22.16-AM-1.jpeg 564w, https:\/\/www.biogatesplanet.cl\/wp-content\/uploads\/2024\/06\/WhatsApp-Image-2024-06-10-at-10.22.16-AM-1-300x300.jpeg 300w, https:\/\/www.biogatesplanet.cl\/wp-content\/uploads\/2024\/06\/WhatsApp-Image-2024-06-10-at-10.22.16-AM-1-150x150.jpeg 150w, https:\/\/www.biogatesplanet.cl\/wp-content\/uploads\/2024\/06\/WhatsApp-Image-2024-06-10-at-10.22.16-AM-1-100x100.jpeg 100w\" sizes=\"(max-width: 525px) 100vw, 525px\" \/>\t\t\t\t\t\t\t\t\t\t\t\t\t\t\t<\/div>\n\t\t\t\t<\/div>\n\t\t\t\t<div class=\"elementor-element elementor-element-8f60602 elementor-widget elementor-widget-text-editor\" data-id=\"8f60602\" data-element_type=\"widget\" data-widget_type=\"text-editor.default\">\n\t\t\t\t<div class=\"elementor-widget-container\">\n\t\t\t\t\t\t\t\t\t<h4 class=\"\">Cosecha de lechugas &#8211; Regi\u00f3n metropolitana.<\/h4><p>Agricultor de Chada. ( 2023-2024)<\/p><p class=\"service-item-description\" data-title=\"Cosecha de lechugas\">&#8220;Con BioGatesPlanet, transformamos tus cultivos a trav\u00e9s de nuestra avanzada biotecnolog\u00eda. Antes, lechugas de crecimiento desigual, colores apagados y baja resistencia; ahora, cosechas vibrantes, uniformes y saludables. Nuestra biotecnolog\u00eda agr\u00edcola mejora la calidad y productividad, promoviendo un futuro m\u00e1s sostenible al reducir el uso de fertilizantes, agua y trabajo.&#8221;<\/p>\t\t\t\t\t\t\t\t<\/div>\n\t\t\t\t<\/div>\n\t\t\t\t<div class=\"elementor-element elementor-element-f4327ab elementor-widget elementor-widget-image\" data-id=\"f4327ab\" data-element_type=\"widget\" data-widget_type=\"image.default\">\n\t\t\t\t<div class=\"elementor-widget-container\">\n\t\t\t\t\t\t\t\t\t\t\t\t\t\t\t<img decoding=\"async\" width=\"525\" height=\"525\" src=\"https:\/\/www.biogatesplanet.cl\/wp-content\/uploads\/2024\/06\/WhatsApp-Image-2024-06-10-at-10.22.17-AM-1.jpeg\" class=\"attachment-large size-large wp-image-175\" alt=\"\" srcset=\"https:\/\/www.biogatesplanet.cl\/wp-content\/uploads\/2024\/06\/WhatsApp-Image-2024-06-10-at-10.22.17-AM-1.jpeg 680w, https:\/\/www.biogatesplanet.cl\/wp-content\/uploads\/2024\/06\/WhatsApp-Image-2024-06-10-at-10.22.17-AM-1-300x300.jpeg 300w, https:\/\/www.biogatesplanet.cl\/wp-content\/uploads\/2024\/06\/WhatsApp-Image-2024-06-10-at-10.22.17-AM-1-150x150.jpeg 150w, https:\/\/www.biogatesplanet.cl\/wp-content\/uploads\/2024\/06\/WhatsApp-Image-2024-06-10-at-10.22.17-AM-1-100x100.jpeg 100w\" sizes=\"(max-width: 525px) 100vw, 525px\" \/>\t\t\t\t\t\t\t\t\t\t\t\t\t\t\t<\/div>\n\t\t\t\t<\/div>\n\t\t\t\t<div class=\"elementor-element elementor-element-ec2fe93 elementor-widget elementor-widget-text-editor\" data-id=\"ec2fe93\" data-element_type=\"widget\" data-widget_type=\"text-editor.default\">\n\t\t\t\t<div class=\"elementor-widget-container\">\n\t\t\t\t\t\t\t\t\t<h4 class=\"\">Cosecha de Papas<\/h4><p>Agricultor Colbun (2023 &#8211; 2024 )<\/p><p class=\"service-item-description\" data-title=\"Cosecha de Papas\">&#8220;En BioGatesPlanet, revolucionamos el cultivo de papas con nuestra avanzada biotecnolog\u00eda. Dejamos atr\u00e1s los problemas de tama\u00f1os desiguales, bajo rendimiento y susceptibilidad a enfermedades, para dar paso a cosechas uniformes, abundantes y de calidad superior. Gracias a nuestras soluciones agr\u00edcolas, potenciamos la productividad mientras reducimos el uso de fertilizantes, agua y esfuerzo, impulsando un cultivo m\u00e1s sostenible.&#8221;<\/p>\t\t\t\t\t\t\t\t<\/div>\n\t\t\t\t<\/div>\n\t\t\t\t<div class=\"elementor-element elementor-element-272393b elementor-widget elementor-widget-image\" data-id=\"272393b\" data-element_type=\"widget\" data-widget_type=\"image.default\">\n\t\t\t\t<div class=\"elementor-widget-container\">\n\t\t\t\t\t\t\t\t\t\t\t\t\t\t\t<img decoding=\"async\" width=\"525\" height=\"371\" src=\"https:\/\/www.biogatesplanet.cl\/wp-content\/uploads\/2024\/06\/WhatsApp-Image-2024-06-10-at-10.22.17-AM-3.jpeg\" class=\"attachment-large size-large wp-image-177\" alt=\"\" srcset=\"https:\/\/www.biogatesplanet.cl\/wp-content\/uploads\/2024\/06\/WhatsApp-Image-2024-06-10-at-10.22.17-AM-3.jpeg 908w, https:\/\/www.biogatesplanet.cl\/wp-content\/uploads\/2024\/06\/WhatsApp-Image-2024-06-10-at-10.22.17-AM-3-300x212.jpeg 300w, https:\/\/www.biogatesplanet.cl\/wp-content\/uploads\/2024\/06\/WhatsApp-Image-2024-06-10-at-10.22.17-AM-3-768x542.jpeg 768w\" sizes=\"(max-width: 525px) 100vw, 525px\" \/>\t\t\t\t\t\t\t\t\t\t\t\t\t\t\t<\/div>\n\t\t\t\t<\/div>\n\t\t\t\t<div class=\"elementor-element elementor-element-53e312a elementor-widget elementor-widget-text-editor\" data-id=\"53e312a\" data-element_type=\"widget\" data-widget_type=\"text-editor.default\">\n\t\t\t\t<div class=\"elementor-widget-container\">\n\t\t\t\t\t\t\t\t\t<h4 class=\"\">Cosecha de choclos<\/h4><p>Agricultor Colb\u00fan ( 2024 &#8211; 2025 )<\/p><p class=\"service-item-description\" data-title=\"Cosecha de choclos\">&#8220;En BioGatesPlanet, transformamos el cultivo de choclos con nuestra avanzada biotecnolog\u00eda. Dejamos atr\u00e1s las limitaciones de granos peque\u00f1os y cosechas irregulares, dando paso a choclos con granos m\u00e1s grandes, uniformes y de calidad excepcional. Gracias a nuestras soluciones agr\u00edcolas, no solo mejoramos la productividad, sino que tambi\u00e9n reducimos el uso de fertilizantes, agua y trabajo, logrando as\u00ed una significativa disminuci\u00f3n en los costos y promoviendo un cultivo m\u00e1s eficiente y sostenible.&#8221;<\/p>\t\t\t\t\t\t\t\t<\/div>\n\t\t\t\t<\/div>\n\t\t\t\t\t<\/div>\n\t\t\t\t<\/div>\n\t\t\t\t\t<\/div>\n\t\t\t\t<\/div>\n\t\t\t\t<\/div>\n\t\t","protected":false},"excerpt":{"rendered":"<p>Cosecha de lechugas &#8211; Regi\u00f3n metropolitana. Agricultor de Chada. ( 2023-2024) &#8220;Con BioGatesPlanet, transformamos tus cultivos a trav\u00e9s de nuestra avanzada biotecnolog\u00eda. Antes, lechugas de crecimiento desigual, colores apagados y baja resistencia; ahora, cosechas vibrantes, uniformes y saludables. Nuestra biotecnolog\u00eda agr\u00edcola mejora la calidad y productividad, promoviendo un futuro m\u00e1s sostenible al reducir el uso [&hellip;]<\/p>\n","protected":false},"author":1,"featured_media":0,"parent":0,"menu_order":0,"comment_status":"closed","ping_status":"closed","template":"","meta":{"footnotes":""},"class_list":["post-16","page","type-page","status-publish","hentry"],"_links":{"self":[{"href":"https:\/\/www.biogatesplanet.cl\/index.php\/wp-json\/wp\/v2\/pages\/16","targetHints":{"allow":["GET"]}}],"collection":[{"href":"https:\/\/www.biogatesplanet.cl\/index.php\/wp-json\/wp\/v2\/pages"}],"about":[{"href":"https:\/\/www.biogatesplanet.cl\/index.php\/wp-json\/wp\/v2\/types\/page"}],"author":[{"embeddable":true,"href":"https:\/\/www.biogatesplanet.cl\/index.php\/wp-json\/wp\/v2\/users\/1"}],"replies":[{"embeddable":true,"href":"https:\/\/www.biogatesplanet.cl\/index.php\/wp-json\/wp\/v2\/comments?post=16"}],"version-history":[{"count":19,"href":"https:\/\/www.biogatesplanet.cl\/index.php\/wp-json\/wp\/v2\/pages\/16\/revisions"}],"predecessor-version":[{"id":331,"href":"https:\/\/www.biogatesplanet.cl\/index.php\/wp-json\/wp\/v2\/pages\/16\/revisions\/331"}],"wp:attachment":[{"href":"https:\/\/www.biogatesplanet.cl\/index.php\/wp-json\/wp\/v2\/media?parent=16"}],"curies":[{"name":"wp","href":"https:\/\/api.w.org\/{rel}","templated":true}]}}